{"id":456,"date":"2017-07-03T17:27:48","date_gmt":"2017-07-03T08:27:48","guid":{"rendered":"http:\/\/mino.eco.coocan.jp\/wp\/?page_id=456"},"modified":"2017-07-03T19:06:44","modified_gmt":"2017-07-03T10:06:44","slug":"%e3%83%95%e3%82%a3%e3%83%b3%e3%83%a9%e3%83%b3%e3%83%89%e3%81%ae%e3%82%b5%e3%82%a6%e3%83%b3%e3%83%89%e3%82%b9%e3%82%b1%e3%83%bc%e3%83%97%e3%83%97%e3%83%ad%e3%82%b8%e3%82%a7%e3%82%af%e3%83%88","status":"publish","type":"page","link":"http:\/\/mino.eco.coocan.jp\/wp\/?page_id=456","title":{"rendered":"\u30d5\u30a3\u30f3\u30e9\u30f3\u30c9\u306e\u30b5\u30a6\u30f3\u30c9\u30b9\u30b1\u30fc\u30d7\u30d7\u30ed\u30b8\u30a7\u30af\u30c8"},"content":{"rendered":"<p>\u30d5\u30a3\u30f3\u30e9\u30f3\u30c9\u3067\u306f\u3053\u306e10\u5e74\u3042\u307e\u308a\u306e\u9593\u306b\u8208\u5473\u6df1\u3044\u30b5\u30a6\u30f3\u30c9\u30b9\u30b1\u30fc\u30d7\u30d7\u30ed\u30b8\u30a7\u30af\u30c8\u304c\u5b9f\u65bd\u3055\u308c\u3066\u304d\u307e\u3057\u305f\u3002\u3053\u306e\u30da\u30fc\u30b8\u306b\u306f\u305d\u306e\u4e00\u7aef\u3092\u7d39\u4ecb\u3057\u307e\u3059\u3002<br \/>\n\uff08\u3053\u306e\u30da\u30fc\u30b8\u306f\u66f8\u304d\u304b\u3051\u3067\u3059\u3002\uff09<\/p>\n<h2>\u30d5\u30a3\u30f3\u30e9\u30f3\u30c9\u306e\u30b5\u30a6\u30f3\u30c9\u30b9\u30b1\u30fc\u30d7\u7d44\u7e54<\/h2>\n<p>Finnish Society for Acoustic Ecology (Suomen Akustisen Ekologian Seura\uff09<br \/>\n<a href=\"http:\/\/www.aanimaisemat.fi\/\">http:\/\/www.aanimaisemat.fi\/<\/a><br \/>\n\u30d5\u30a3\u30f3\u30e9\u30f3\u30c9\u97f3\u97ff\u751f\u614b\u5b66\u5354\u4f1a\u306f1999\u5e74\u8a2d\u7acb\u3067\uff0c\u30b3\u30a2\u30e1\u30f3\u30d0\u30fc15\u4eba\u307b\u3069\u3067\u6d3b\u52d5\u3057\u3066\u3044\u308b\u3002<\/p>\n<h2>\u30d5\u30a3\u30f3\u30e9\u30f3\u30c9\u306e\u97f3\u98a8\u666f100\u9078<\/h2>\n<p>\u30d5\u30a3\u30f3\u30e9\u30f3\u30c9\u3067\u306f2004\uff5e2006\u5e74\u306b\u300c\u30d5\u30a3\u30f3\u30e9\u30f3\u30c9\u306e\u97f3\u98a8\u666f100\u9078\u300d\u306e\u30d7\u30ed\u30b8\u30a7\u30af\u30c8\u304c\u5b9f\u65bd\u3055\u308c\u305f\u3002\u3053\u308c\u306f\u65e5\u672c\u306e\u74b0\u5883\u5e81\u304c1996\u5e74\u306b\u5b9f\u65bd\u3057\u305f\u300c\u6b8b\u3057\u305f\u3044\u65e5\u672c\u306e\u97f3\u98a8\u666f100\u9078\u300d\u306e\u53d6\u308a\u7d44\u307f\u3092\u53c2\u8003\u306b\u3057\u3066\u5b9f\u65bd\u3055\u308c\u305f\u3082\u306e\u3067\u3042\u308b\u3002\u65e5\u672c\u306e\u300c100\u9078\u300d\u304c\u5834\u6240\u306b\u7d10\u4ed8\u3044\u305f\u97f3\u98a8\u666f\u3092\u9078\u5b9a\u3057\u305f\u306e\u306b\u5bfe\u3057\uff0c\u30d5\u30a3\u30f3\u30e9\u30f3\u30c9\u306e100\u9078\u306f\u3044\u308f\u3070\u4f5c\u6587\u30b3\u30f3\u30c6\u30b9\u30c8\u3067\u3042\u308a\uff0c\u97f3\u306e\u8a9e\u308a\u3092\u96c6\u3081\u305f\u3082\u306e\u3067\u3042\u308b\u3002\u65e5\u672c\u306e\u300c100\u9078\u300d\u306f\u5730\u56f3\u306e\u5f62\u306b\u8868\u73fe\u3067\u304d\u308b\u3082\u306e\u3067\u3042\u308b\u304c\uff0c\u30d5\u30a3\u30f3\u30e9\u30f3\u30c9\u306e\u300c100\u9078\u300d\u306f1\u518a\u306e\u5831\u544a\u66f8\u306e\u5f62\u306b\u53d6\u308a\u307e\u3068\u3081\u3089\u308c\u3066\u3044\u308b\u3002\u5225\u306e\u8a00\u3044\u65b9\u3092\u3059\u308b\u3068\uff0c\u65e5\u672c\u306e\u300c100\u9078\u300d\u304c\u74b0\u5883\u5fd7\u5411\u3067\u3042\u3063\u305f\u306e\u306b\u5bfe\u3057\u3066\uff0c\u30d5\u30a3\u30f3\u30e9\u30f3\u30c9\u306e\u300c100\u9078\u300d\u306f\u6587\u5316\u5fd7\u5411\u3067\u3042\u308b\u3068\u8a00\u3048\u308b\u3002<\/p>\n<p>One Hundred Finnish Soundscapes \uff08Sata Suomalaista \u00c4\u00e4nimaisemaa\uff09<br \/>\n\u30fb\u30d7\u30ed\u30b8\u30a7\u30af\u30c8\u671f\u9593\uff1a2004-2006<br \/>\n\u30fb\u30d5\u30a3\u30f3\u30e9\u30f3\u30c9\u6587\u5316\u8ca1\u56e3\u306e\u88dc\u52a9\u4e8b\u696d\uff0825,000\u30e6\u30fc\u30ed\uff09<br \/>\n\u30fb\u30d5\u30a3\u30f3\u30e9\u30f3\u30c9\u6587\u5b66\u5354\u4f1a\u3001\u653e\u9001\u5c40\u3068\u306e\u9023\u643a<br \/>\n\u30fb\u4f5c\u6587\u30b3\u30f3\u30c6\u30b9\u30c8\u3092\u5b9f\u65bd<br \/>\n\u3000\u30fb\u52df\u96c6\u671f\u9593\uff1a2004\u5e749\u6708\uff5e2005\u5e746\u6708\uff0c\u8cde\u91d1\u7dcf\u984d\uff1a1,000\u30e6\u30fc\u30ed<br \/>\n\u3000\u30fb\u4f5c\u54c1\u306f\u6587\u5b66\u5354\u4f1a\u30a2\u30fc\u30ab\u30a4\u30d6\u306b\u53ce\u9332<br \/>\n\u3000\u30fb\u5fdc\u52df\u6570\uff1a336\u4eba\uff0c762\u4ef6<br \/>\n\u3000\u3000\u30fb\u8a00\u8a9e\uff1aFinnish 220\uff0fSwedish 112\uff0fFinnish &#038; Swedish 2\uff0fEnglish 2<br \/>\n\u3000\u3000\u30fb\u6027\u5225\uff1a\u5973\u6027 212\uff0f\u7537\u6027 122\uff0f\u4e0d\u660e 2<br \/>\n\u3000\u3000\u30fb0-10\u6b73 19\u4ef6\uff0c11-20\u6b73 52\u4ef6\uff0c21-30\u6b73 55\u4ef6\uff0c31-40\u6b73 17\u4ef6\uff0c41-50\u6b73 35\u4ef6\uff0c51-60\u6b73 42\u4ef6\uff0c61-70\u6b73 41\u4ef6\uff0c71-80\u6b73 20\u4ef6\uff0c81-90\u6b73 12\u4ef6\uff0c91-100\u6b73 1\u4ef6\uff0c\u4e0d\u660e\u6b73 42<\/p>\n<h2>\u5909\u308f\u308a\u3086\u304f\u30d5\u30a3\u30f3\u30e9\u30f3\u30c9\u306e\u97f3\u98a8\u666f<\/h2>\n<p>\u4e0a\u8a18\u300c\u30d5\u30a3\u30f3\u30e9\u30f3\u30c9\u306e\u97f3\u98a8\u666f100\u9078\u300d\u306e\u30d5\u30a9\u30ed\u30fc\u30a2\u30c3\u30d7\u3068\u3057\u3066\uff0c2014\uff5e2016\u5e74\u306b\u300c\u5909\u308f\u308a\u3086\u304f\u30d5\u30a3\u30f3\u30e9\u30f3\u30c9\u306e\u97f3\u98a8\u666f\u300d\u3068\u984c\u3059\u308b\u30d7\u30ed\u30b8\u30a7\u30af\u30c8\u304c\u5b9f\u65bd\u3055\u308c\u305f\u3002\u518d\u3073\u4f5c\u6587\u30b3\u30f3\u30c6\u30b9\u30c8\u3092\u5b9f\u65bd\u3057\u305f\u307b\u304b\u306b\uff0c\u97f3\u3092\u6295\u7a3f\u3067\u304d\u308b\u30a6\u30a7\u30d6\u30b5\u30a4\u30c8\u3092\u958b\u8a2d\u3057\u305f\u3002<\/p>\n<p>Transforming Finnish Soundscapes\uff08Muuttuvat Suomalaiset \u00c4\u00e4nimaisemat\uff09<br \/>\n\u30fb\u30d7\u30ed\u30b8\u30a7\u30af\u30c8\u671f\u9593\uff1a2014-2016<br \/>\n\u30fb\u30d5\u30a3\u30f3\u30e9\u30f3\u30c9\u6587\u5316\u8ca1\u56e3\u306e\u88dc\u52a9\u4e8b\u696d\uff0875,000\u30e6\u30fc\u30ed\uff09<br \/>\n\u30fb\u518d\u3073\u4f5c\u6587\u30b3\u30f3\u30c6\u30b9\u30c8\u3092\u5b9f\u65bd<br \/>\n\u3000\u30fb\u52df\u96c6\u671f\u9593\uff1a2014\u5e7410\u6708\uff5e2015\u5e744\u6708\uff0c\u8cde\u91d1\u7dcf\u984d\uff1a1,000\u30e6\u30fc\u30ed<br \/>\n\u3000\u30fb\u5fdc\u52df\u6570\uff1a188\u4eba\uff0c1200\u4ef6<br \/>\n\u30fb\u5831\u544a\u66f8\uff082017\uff09\uff1a7\u672c\u306e\u8ad6\u6587\uff0c\u5fdc\u52df\u3055\u308c\u305f\u97f3\u98a8\u666f\u306e\u4f5c\u6587<br \/>\n<a href=\"http:\/\/tampub.uta.fi\/handle\/10024\/100628\">Muuttuvat suomalaiset \u00e4\u00e4nimaisemat<\/a> (Transforming Finnish Soundscapes), Edited by Heikki Uimonen, Meri Kyt\u00f6 &#038; Kaisa Ruohonen, Tampere University Press (Tampere), 2017<br \/>\n\u30fb<a href=\"http:\/\/kartta.aanimaisemat.fi\/\">\u30a6\u30a7\u30d6\u4e0a\u3067\u97f3\u306e\u6295\u7a3f\u306e\u52df\u96c6<\/a>\u3000<br \/>\n\u3000\u30fb\u5de6\u5074\u306e\u30dc\u30bf\u30f3\u306e\u5185\u5bb9\u306f\u4ee5\u4e0b\u306e\u901a\u308a\uff1a<br \/>\n\u3000\u3000\u30fb\u97f3\u6e90\uff1a\u52d5\u7269\uff0c\u4eba\u9593\uff0c\u6a5f\u68b0\uff0c\u4fe1\u53f7\uff0c\u81ea\u7136\u73fe\u8c61<br \/>\n\u3000\u3000\u30fb\u5b63\u7bc0\uff1a\u51ac\uff0c\u6625\uff0c\u590f\uff0c\u79cb<br \/>\n\u3000\u3000\u30fb\u6642\u9593\uff1a\u671d\uff0c\u663c\uff0c\u5915\uff0c\u591c<\/p>\n<h2>\u30e9\u30b8\u30aa\u756a\u7d44\u300c\u97f3\u306e\u5915\u3079\u300d(\u00c4\u00e4nien ilta)<\/h2>\n<p>\u30fb\u4e8b\u524d\u306b\u30ea\u30b9\u30ca\u30fc\u304b\u3089\u8cea\u554f\u3092\u9001\u3063\u3066\u3082\u3089\u3063\u3066\u97f3\u6e90\u3092\u6e96\u5099<br \/>\n\u30fb\u96fb\u8a71\u3067\u30ea\u30b9\u30ca\u30fc\u3068\u8a71\u3057\u306a\u304c\u3089\u751f\u653e\u9001<br \/>\n\u30fb<a href=\"http:\/\/yle.fi\/aihe\/artikkeli\/2013\/04\/11\/aanien-illoissa-kuunnellaan-kadonneitakin-aania\">\u653e\u9001\u5c40\u306e\u30a6\u30a7\u30d6\u30b5\u30a4\u30c8\u3067\u756a\u7d44\u3092\u8074\u304f\u3053\u3068\u304c\u53ef\u80fd<\/a><\/p>\n<p>\u7b2c1\u56de \u30d5\u30a3\u30f3\u30e9\u30f3\u30c9\u306e\u30b5\u30a6\u30f3\u30c9\u30b9\u30b1\u30fc\u30d7\uff08Suomalainen \u00e4\u00e4nimaisema\uff09<\/p>\n<div class=\"yle_areena_player\" data-id=\"26-95473\" data-article=\"https:\/\/yle.fi\/aihe\/artikkeli\/2013\/04\/11\/aanien-illoissa-kuunnellaan-kadonneitakin-aania\"><\/div>\n<p><script src=\"http:\/\/player.yle.fi\/assets\/js\/embed.js\"><\/script><br \/>\n\u7b2c2\u56de \u7d20\u6674\u3089\u3057\u3044\u97f3\u306e\u4e16\u754c\uff08\u00c4\u00e4nien ihmeellinen maailma\uff09<\/p>\n<div class=\"yle_areena_player\" data-id=\"26-95465\" data-article=\"https:\/\/yle.fi\/aihe\/artikkeli\/2013\/04\/11\/aanien-illoissa-kuunnellaan-kadonneitakin-aania\"><\/div>\n<p><script src=\"http:\/\/player.yle.fi\/assets\/js\/embed.js\"><\/script><br \/>\n\u7b2c3\u56de \u97f3\u306f\u8a9e\u308b\uff08\u00c4\u00e4net kertovat\uff09<\/p>\n<div class=\"yle_areena_player\" data-id=\"26-95468\" data-article=\"https:\/\/yle.fi\/aihe\/artikkeli\/2013\/04\/11\/aanien-illoissa-kuunnellaan-kadonneitakin-aania\"><\/div>\n<p><script src=\"http:\/\/player.yle.fi\/assets\/js\/embed.js\"><\/script><br \/>\n\u7b2c4\u56de \u65e5\u5e38\u74b0\u5883\u306e\u97f3\uff08Arkiymp\u00e4rist\u00f6n \u00e4\u00e4ni\u00e4\uff09<\/p>\n<div class=\"yle_areena_player\" data-id=\"26-95471\" data-article=\"https:\/\/yle.fi\/aihe\/artikkeli\/2013\/04\/11\/aanien-illoissa-kuunnellaan-kadonneitakin-aania\"><\/div>\n<p><script src=\"http:\/\/player.yle.fi\/assets\/js\/embed.js\"><\/script><br \/>\n\u7b2c5\u56de\u3000\u6016\u3044\u97f3\uff08Pelottavat \u00e4\u00e4net\uff09<\/p>\n<div class=\"yle_areena_player\" data-id=\"26-100086\" data-article=\"https:\/\/yle.fi\/aihe\/artikkeli\/2013\/04\/11\/aanien-illoissa-kuunnellaan-kadonneitakin-aania\"><\/div>\n<p><script src=\"http:\/\/player.yle.fi\/assets\/js\/embed.js\"><\/script><\/p>\n<h2>\u305d\u306e\u4ed6\u306e\u30d7\u30ed\u30b8\u30a7\u30af\u30c8<\/h2>\n<p>\u30fbAcoustic Environment in Change<br \/>\n\u30fbEuropean Acoustic Heritage<\/p>\n<p><iframe loading=\"lazy\" width=\"100%\" height=\"450\" scrolling=\"no\" frameborder=\"no\" src=\"https:\/\/w.soundcloud.com\/player\/?url=https%3A\/\/api.soundcloud.com\/users\/259123956&amp;auto_play=false&amp;hide_related=false&amp;show_comments=true&amp;show_user=true&amp;show_reposts=false&amp;visual=true\"><\/iframe><\/p>\n","protected":false},"excerpt":{"rendered":"<p>\u30d5\u30a3\u30f3\u30e9\u30f3\u30c9\u3067\u306f\u3053\u306e10\u5e74\u3042\u307e\u308a\u306e\u9593\u306b\u8208\u5473\u6df1\u3044\u30b5\u30a6\u30f3\u30c9\u30b9\u30b1\u30fc\u30d7\u30d7\u30ed\u30b8\u30a7\u30af\u30c8\u304c\u5b9f\u65bd &hellip; <a href=\"http:\/\/mino.eco.coocan.jp\/wp\/?page_id=456\">\u7d9a\u304d\u3092\u8aad\u3080 <span class=\"meta-nav\">&rarr;<\/span><\/a><\/p>\n","protected":false},"author":1,"featured_media":0,"parent":55,"menu_order":2,"comment_status":"closed","ping_status":"closed","template":"","meta":{"footnotes":""},"_links":{"self":[{"href":"http:\/\/mino.eco.coocan.jp\/wp\/index.php?rest_route=\/wp\/v2\/pages\/456"}],"collection":[{"href":"http:\/\/mino.eco.coocan.jp\/wp\/index.php?rest_route=\/wp\/v2\/pages"}],"about":[{"href":"http:\/\/mino.eco.coocan.jp\/wp\/index.php?rest_route=\/wp\/v2\/types\/page"}],"author":[{"embeddable":true,"href":"http:\/\/mino.eco.coocan.jp\/wp\/index.php?rest_route=\/wp\/v2\/users\/1"}],"replies":[{"embeddable":true,"href":"http:\/\/mino.eco.coocan.jp\/wp\/index.php?rest_route=%2Fwp%2Fv2%2Fcomments&post=456"}],"version-history":[{"count":14,"href":"http:\/\/mino.eco.coocan.jp\/wp\/index.php?rest_route=\/wp\/v2\/pages\/456\/revisions"}],"predecessor-version":[{"id":475,"href":"http:\/\/mino.eco.coocan.jp\/wp\/index.php?rest_route=\/wp\/v2\/pages\/456\/revisions\/475"}],"up":[{"embeddable":true,"href":"http:\/\/mino.eco.coocan.jp\/wp\/index.php?rest_route=\/wp\/v2\/pages\/55"}],"wp:attachment":[{"href":"http:\/\/mino.eco.coocan.jp\/wp\/index.php?rest_route=%2Fwp%2Fv2%2Fmedia&parent=456"}],"curies":[{"name":"wp","href":"https:\/\/api.w.org\/{rel}","templated":true}]}}